{"id":69,"date":"2016-08-04T15:28:33","date_gmt":"2016-08-04T20:28:33","guid":{"rendered":"http:\/\/tubodagrupal.com\/?page_id=69"},"modified":"2025-06-03T17:34:13","modified_gmt":"2025-06-03T22:34:13","slug":"inicio","status":"publish","type":"page","link":"https:\/\/tubodagrupal.com\/en\/","title":{"rendered":"Home"},"content":{"rendered":"<div class=\"wpb-content-wrapper\"><p>[vc_row][vc_column][vc_column_text]<span style=\"vertical-align: inherit;\"><span style=\"vertical-align: inherit;\">[\/vc_column_text][\/vc_column][\/vc_row][vc_row full_width=&#8221;estirar_fila&#8221;][vc_column]    <header class=\"tz-header tz-header1\">\n                            <div class=\"wrapbox\">\n                    <div class=\"container\">\n                        <button data-target=\".nav-collapse\" class=\"btn-navbar tz_icon_menu\" type=\"button\">\n                            <i class=\"fa fa-bars\"><\/i>\n                        <\/button>\n                        <h3 class=\"tzlogo pull-left\">\n\t\t\t\t\t\t\t<img decoding=\"async\" src=\"https:\/\/tubodagrupal.com\/wp-content\/uploads\/2016\/08\/logo-D.png\" \/>\n                            <!--<a href=\"https:\/\/tubodagrupal.com\/en\" title=\"TU BODA EN LA PLAYA\">\n                                                                    <img decoding=\"async\" src=\"https:\/\/tubodagrupal.com\/wp-content\/uploads\/2016\/08\/logo-D.png\" alt=\"TU BODA EN LA PLAYA\">\n                                                            <\/a>-->\n                        <\/h3>\n                        <button class=\"tz-search pull-right\"> <i class=\"fa fa-search\"><\/i><\/button>\n                        <nav class=\"pull-right tznav-menu\">\n                            <ul id=\"menu-primary\" class=\"tz-menu nav-collapse themeple_megemenu\"><li id=\"menu-item-94\" class=\"menu-item menu-item-type-post_type menu-item-object-page menu-item-home\"><a href=\"https:\/\/tubodagrupal.com\/en\/\">Home<\/a><\/li>\n<li id=\"menu-item-108\" class=\"menu-item menu-item-type-custom menu-item-object-custom\"><a href=\"#nosotros\">About Us<\/a><\/li>\n<li id=\"menu-item-109\" class=\"menu-item menu-item-type-custom menu-item-object-custom menu-item-has-children\"><a href=\"#\">Services<\/a>\n\n\n<ul class=\"sub-menu non_mega_menu\">\n\t<li id=\"menu-item-114\" class=\"menu-item menu-item-type-post_type menu-item-object-page\"><a href=\"https:\/\/tubodagrupal.com\/en\/civil-wedding-on-the-beach\/\">Civil Wedding on the Beach<\/a><\/li>\n\t<li id=\"menu-item-160\" class=\"menu-item menu-item-type-post_type menu-item-object-page\"><a href=\"https:\/\/tubodagrupal.com\/en\/spiritual-wedding-on-the-beach\/\">Spiritual Wedding on the Beach<\/a><\/li>\n\t<li id=\"menu-item-174\" class=\"menu-item menu-item-type-post_type menu-item-object-page\"><a href=\"https:\/\/tubodagrupal.com\/en\/weddings-civil-in-neusa-forest-park\/\">Weddings Civil in Neusa Forest Park<\/a><\/li>\n\t<li id=\"menu-item-184\" class=\"menu-item menu-item-type-post_type menu-item-object-page\"><a href=\"https:\/\/tubodagrupal.com\/en\/harmonization-and-cleaning-individual-and-couple\/\">Harmonization and Cleaning<\/a><\/li>\n\t<li id=\"menu-item-183\" class=\"menu-item menu-item-type-post_type menu-item-object-page\"><a href=\"https:\/\/tubodagrupal.com\/en\/renovation-of-votes-and-celebrating-anniversaries\/\">Renovation of Votes<\/a><\/li>\n\t<li id=\"menu-item-172\" class=\"menu-item menu-item-type-post_type menu-item-object-page\"><a href=\"https:\/\/tubodagrupal.com\/en\/jewis-weddings\/\">jewish weddings<\/a><\/li>\n\t<li id=\"menu-item-211\" class=\"menu-item menu-item-type-post_type menu-item-object-page\"><a href=\"https:\/\/tubodagrupal.com\/en\/catholic-and-christian-weddings\/\">Catholic and Christian Weddings<\/a><\/li>\n<\/ul>\n<\/li>\n<li id=\"menu-item-157\" class=\"menu-item menu-item-type-post_type menu-item-object-page\"><a href=\"https:\/\/tubodagrupal.com\/en\/contact-us\/\">Contact Us<\/a><\/li>\n<li id=\"menu-item-147\" class=\"qtranxs-lang-menu qtranxs-lang-menu-en menu-item menu-item-type-custom menu-item-object-custom current-menu-parent menu-item-has-children\"><a title=\"English\" href=\"#\"><img decoding=\"async\" src=\"https:\/\/tubodagrupal.com\/wp-content\/plugins\/qtranslate-xt-3.6.1\/flags\/us.png\" alt=\"English\" \/><\/a>\n\n\n<ul class=\"sub-menu non_mega_menu\">\n\t<li id=\"menu-item-212\" class=\"qtranxs-lang-menu-item qtranxs-lang-menu-item-es menu-item menu-item-type-custom menu-item-object-custom\"><a title=\"Espa\u00f1ol\" href=\"https:\/\/tubodagrupal.com\/es\/wp-json\/wp\/v2\/pages\/69\"><img decoding=\"async\" src=\"https:\/\/tubodagrupal.com\/wp-content\/plugins\/qtranslate-xt-3.6.1\/flags\/co.png\" alt=\"Espa\u00f1ol\" \/>&nbsp;Espa\u00f1ol<\/a><\/li>\n\t<li id=\"menu-item-213\" class=\"qtranxs-lang-menu-item qtranxs-lang-menu-item-en menu-item menu-item-type-custom menu-item-object-custom current-menu-item\"><a title=\"English\" href=\"https:\/\/tubodagrupal.com\/en\/wp-json\/wp\/v2\/pages\/69\"><img decoding=\"async\" src=\"https:\/\/tubodagrupal.com\/wp-content\/plugins\/qtranslate-xt-3.6.1\/flags\/us.png\" alt=\"English\" \/>&nbsp;English<\/a><\/li>\n<\/ul>\n<\/li>\n<\/ul>                        <\/nav>\n                    <\/div>\n                <\/div>\n                <\/header>\n    <div class=\"tzform-search\">\n        <img decoding=\"async\" class=\"tzcontro_search\" src=\"https:\/\/tubodagrupal.com\/wp-content\/plugins\/tz-plazart\/\/assets\/images\/icon_search_delete.png\" alt=\"icon search\">\n        \t<form method=\"get\" id=\"searchform\" action=\"https:\/\/tubodagrupal.com\/en\/\">\n        <label class=\"icon-search\">&nbsp;<\/label>\n\t\t<label for=\"s\" class=\"assistive-text assistive-tzsearch\">Search<\/label>\n\t\t<input type=\"text\" class=\"field Tzsearchform inputbox search-query\" name=\"s\" id=\"s\" placeholder=\"Search...\" \/>\n\t\t<input type=\"submit\" class=\"submit\" name=\"submit\" id=\"searchsubmit\" value=\"Search\" \/>\n\t<\/form>\n    <\/div>\n[rev_slider_vc alias=&#8221;tbg&#8221;][\/vc_column][\/vc_row][vc_row full_width=&#8221;estirar_fila&#8221; content_placement=&#8221;medio&#8221; parallax=&#8221;contenido-movido&#8221; background_parallax=&#8221;si&#8221;][vc_column width=&#8221;1\/2&#8243;][vc_column_text]<img loading=\"lazy\" decoding=\"async\" class=\" wp-image-229 aligncenter\" src=\"http:\/\/tubodagrupal.com\/wp-content\/uploads\/2016\/08\/bodas-espirituales-1-300x195.jpg\" alt=\"\" width=\"345\" height=\"224\" srcset=\"https:\/\/tubodagrupal.com\/wp-content\/uploads\/2016\/08\/bodas-espirituales-1-300x195.jpg 300w, https:\/\/tubodagrupal.com\/wp-content\/uploads\/2016\/08\/bodas-espirituales-1-768x499.jpg 768w, https:\/\/tubodagrupal.com\/wp-content\/uploads\/2016\/08\/bodas-espirituales-1-1024x665.jpg 1024w, https:\/\/tubodagrupal.com\/wp-content\/uploads\/2016\/08\/bodas-espirituales-1.jpg 1920w\" sizes=\"auto, (max-width: 345px) 100vw, 345px\" \/>[\/vc_column_text][vc_column_text css_animation=&#8221;de-abajo-arriba&#8221; css=&#8221;.vc_custom_1720472865628{background-position: center !important;background-repeat: no-repeat !important;background-size: cover !important;}&#8221; el_class=&#8221;nosotros&#8221;]<\/span><\/span><\/p>\n<p><span style=\"color: #000000;\"><a id=\"nosotros\"><\/a><img loading=\"lazy\" decoding=\"async\" class=\"alignleft wp-image-144 size-thumbnail\" src=\"http:\/\/tubodagrupal.com\/wp-content\/uploads\/2016\/08\/logo-D-150x150.png\" alt=\"logotipo-D\" width=\"150\" height=\"150\" srcset=\"https:\/\/tubodagrupal.com\/wp-content\/uploads\/2016\/08\/logo-D-150x150.png 150w, https:\/\/tubodagrupal.com\/wp-content\/uploads\/2016\/08\/logo-D.png 200w\" sizes=\"auto, (max-width: 150px) 100vw, 150px\" \/><\/span><\/p>\n<p>Organizamos\u00a0 Tu Boda como siempre la so\u00f1aste; contamos con mas de 10 a\u00f1os de experiencia en la celebraci\u00f3n y servicio de Bodas en la Playa<\/p>\n<p>Bodas Privadas, Bodas con o sin Invitados, Bodas Express y Bodas Grupales.<\/p>\n<p>Sabemos lo importante que es este m\u00e1gico momento, por eso hemos dise\u00f1ado un modelo completo de todos los servicios incluidos para la celebraci\u00f3n de tu boda en donde solo tendr\u00e1s que preocuparte por disfrutar.<\/p>\n<p>Podemos hacer realidad\u00a0 este importante e inolvidable momento para ti y tu familia, perm\u00edtenos hacer parte de tu felicidad.<\/p>\n<p>Estos Son Los Servicios De Celebraciones En La Playa Que Tenemos Para Ti<\/p>\n<p>. Bodas Cat\u00f3licas\/ Servicio del Sacerdote y Documentaci\u00f3n Legal.<\/p>\n<p>. Bodas Civiles \/ Servicio del Notario y Documentaci\u00f3n Legal.<\/p>\n<p>. Bodas Cristianas \/ Servicio del Pastor<\/p>\n<p>. Bodas Simb\u00f3licas \/ Rituales Especiales<\/p>\n<p>. Bodas Espirituales \/ Rituales Entre lo Cat\u00f3lico y lo Cristiano.<\/p>\n<p>. Bodas Simb\u00f3licas y Civiles Para Parejas Del Mismo Genero.<\/p>\n<p>. Renovaciones de Votos<\/p>\n<p>. Bodas Express \/ Con o Sin Invitados.<\/p>\n<p>.Bodas Jud\u00edas[\/vc_column_text][\/vc_column][vc_column width=&#8221;1\/2&#8243;][vc_tta_accordion style=&#8221;flat&#8221; color=&#8221;peacoc&#8221; c_icon=&#8221;chevron&#8221; active_section=&#8221;1&#8243; no_fill=&#8221;true&#8221;][vc_tta_section title=&#8221;Nuestros Servicios De Bodas&#8221; tab_id=&#8221;Servicios De Bodas&#8221;][vc_column_text css_animation=&#8221;bottom-to-top&#8221; el_class=&#8221;mision&#8221;]<\/p>\n<h3 class=\"everline_title\">Bodas Privadas\/ Con o Sin Invitados &#8211; Plan Full de Bodas<\/h3>\n<div class=\"wpb_text_column wpb_content_element \">\n<div class=\"wpb_wrapper\">\n<p>Nuestro paquete\u00a0 VIP cuenta con los siguientes servicios:<\/p>\n<p><strong>BODAS\u00a0 EN LA PLAYA \u2013 ISLA DE CARTAGENA<\/strong><\/p>\n<ul>\n<li>Decoraci\u00f3n y dise\u00f1o de la boda en una exclusiva isla de Cartagena.<\/li>\n<li>Log\u00edstica de todo el evento.<\/li>\n<li>Traslado a la isla en lancha y recepci\u00f3n en el hotel.<\/li>\n<li>Celebraci\u00f3n de la bodas Civiles &#8211; Cat\u00f3licas &#8211; Cristianas- Simb\u00f3licas &#8211; Espirituales<\/li>\n<li>Documentaci\u00f3n Legal<\/li>\n<li>Servicio del Oficiante<\/li>\n<li>Altar y div\u00e1n para los novios.<\/li>\n<li>Maquillaje y peinado para la novia.<\/li>\n<li>Brindis por pareja.<\/li>\n<li>Bouquet y azar para los novios.<\/li>\n<li>Fot\u00f3grafo profesional con asistente para el cubrimiento de la boda, (sesi\u00f3n de fotos al atardecer).<\/li>\n<li>Video grafo, se entrega video entero de la boda en formato full HD.<\/li>\n<li>Noche de bodas, incluida decoraci\u00f3n rom\u00e1ntica en la habitaci\u00f3n por pareja.<\/li>\n<li>Cena rom\u00e1ntica en la playa en el c\u00e1lido ambiente de una noche caribe\u00f1a y el sonido del mar.<\/li>\n<li>El paquete ofrece Una (1) noche y Dos (2) d\u00edas de estad\u00eda en un hotel paradisiaco (se incluye alimentaci\u00f3n completa).<\/li>\n<li>Estadia para todos los invitados<\/li>\n<li>Alimentaci\u00f3n completa para los Novios e Invitados.<\/li>\n<\/ul>\n<\/div>\n<\/div>\n<p>[\/vc_column_text][\/vc_tta_section][vc_tta_section title=&#8221;Todo El Talento Y Experiencia De Nuestro Equipo Humano Para La Realizaci\u00f3n de Tu Boda.&#8221; tab_id=&#8221;Todo El Talento Y Experiencia De Nuestro Equipo Humano Para La Realizaci\u00f3n de Tu Boda.&#8221;][vc_column_text css_animation=&#8221;bottom-to-top&#8221; el_class=&#8221;vision&#8221;][\/vc_column_text][\/vc_tta_section][\/vc_tta_accordion][\/vc_column][\/vc_row][vc_row full_width=&#8221;stretch_row_content&#8221;][vc_column width=&#8221;1\/3&#8243;][vc_column_text]<a id=\"servicios\"><\/a>[\/vc_column_text][\/vc_column][vc_column width=&#8221;1\/3&#8243;]        <h3 class=\"everline_title\">PLANES Y SERVICIOS<\/h3>\n    [\/vc_column][vc_column width=&#8221;1\/3&#8243;][\/vc_column][\/vc_row][vc_row][vc_column width=&#8221;1\/3&#8243;][vc_column_text]<center><span style=\"vertical-align: inherit;\"><span style=\"vertical-align: inherit;\"><img loading=\"lazy\" decoding=\"async\" class=\"alignnone size-medium wp-image-3702\" src=\"http:\/\/tubodagrupal.com\/wp-content\/uploads\/2016\/08\/IMG-20221102-WA0250-300x225.jpg\" alt=\"\" width=\"300\" height=\"225\" srcset=\"https:\/\/tubodagrupal.com\/wp-content\/uploads\/2016\/08\/IMG-20221102-WA0250-300x225.jpg 300w, https:\/\/tubodagrupal.com\/wp-content\/uploads\/2016\/08\/IMG-20221102-WA0250-768x576.jpg 768w, https:\/\/tubodagrupal.com\/wp-content\/uploads\/2016\/08\/IMG-20221102-WA0250-1024x768.jpg 1024w, https:\/\/tubodagrupal.com\/wp-content\/uploads\/2016\/08\/IMG-20221102-WA0250.jpg 1280w\" sizes=\"auto, (max-width: 300px) 100vw, 300px\" \/><\/span><\/span><\/center><center><\/center><center><strong>BODAS CATOLICAS<\/strong><\/center><center>Servicio Del Sacerdote y Documentaci\u00f3n Legal<\/center><center>Plan Full De Bodas y Servicio Para Tus Invitados<\/center>[\/vc_column_text][vc_column_text]<center><\/center><center><strong><img loading=\"lazy\" decoding=\"async\" class=\"alignnone size-medium wp-image-3717\" src=\"http:\/\/tubodagrupal.com\/wp-content\/uploads\/2024\/07\/IMG-20230418-WA0000-300x225.jpg\" alt=\"\" width=\"300\" height=\"225\" srcset=\"https:\/\/tubodagrupal.com\/wp-content\/uploads\/2024\/07\/IMG-20230418-WA0000-300x225.jpg 300w, https:\/\/tubodagrupal.com\/wp-content\/uploads\/2024\/07\/IMG-20230418-WA0000-768x576.jpg 768w, https:\/\/tubodagrupal.com\/wp-content\/uploads\/2024\/07\/IMG-20230418-WA0000.jpg 1024w\" sizes=\"auto, (max-width: 300px) 100vw, 300px\" \/><\/strong><\/center><center><strong>BODAS ESPIRITUALES<\/strong><\/center><center>Servicio Del Oficiante y Celebraci\u00f3n Espiritual<\/center><center>Cat\u00f3lica\/Cristiana<\/center><center>Plan Full De Bodas y Servicio Para Tus Invitados<\/center>[\/vc_column_text][vc_column_text]<center><\/center><center><strong><img loading=\"lazy\" decoding=\"async\" class=\"alignnone size-medium wp-image-3682\" src=\"http:\/\/tubodagrupal.com\/wp-content\/uploads\/2024\/07\/IMG-20230920-WA0026-300x225.jpg\" alt=\"\" width=\"300\" height=\"225\" srcset=\"https:\/\/tubodagrupal.com\/wp-content\/uploads\/2024\/07\/IMG-20230920-WA0026-300x225.jpg 300w, https:\/\/tubodagrupal.com\/wp-content\/uploads\/2024\/07\/IMG-20230920-WA0026-768x576.jpg 768w, https:\/\/tubodagrupal.com\/wp-content\/uploads\/2024\/07\/IMG-20230920-WA0026.jpg 1024w\" sizes=\"auto, (max-width: 300px) 100vw, 300px\" \/><\/strong><\/center><center><strong>RENOVACION DE VOTOS<\/strong><\/center><center>Cat\u00f3lica, Cristiana o Simb\u00f3lica<\/center><center>Plan Full De Celebracion y Servicio Para Tus Invitados<\/center>[\/vc_column_text][\/vc_column][vc_column width=&#8221;1\/3&#8243;][vc_column_text]<center><\/center><center><strong><img loading=\"lazy\" decoding=\"async\" class=\"alignnone size-medium wp-image-3711\" src=\"http:\/\/tubodagrupal.com\/wp-content\/uploads\/2024\/07\/IMG-20221102-WA0276-300x300.jpg\" alt=\"\" width=\"300\" height=\"300\" srcset=\"https:\/\/tubodagrupal.com\/wp-content\/uploads\/2024\/07\/IMG-20221102-WA0276-300x300.jpg 300w, https:\/\/tubodagrupal.com\/wp-content\/uploads\/2024\/07\/IMG-20221102-WA0276-1024x1024.jpg 1024w, https:\/\/tubodagrupal.com\/wp-content\/uploads\/2024\/07\/IMG-20221102-WA0276-150x150.jpg 150w, https:\/\/tubodagrupal.com\/wp-content\/uploads\/2024\/07\/IMG-20221102-WA0276-768x768.jpg 768w, https:\/\/tubodagrupal.com\/wp-content\/uploads\/2024\/07\/IMG-20221102-WA0276-1536x1536.jpg 1536w, https:\/\/tubodagrupal.com\/wp-content\/uploads\/2024\/07\/IMG-20221102-WA0276.jpg 1599w\" sizes=\"auto, (max-width: 300px) 100vw, 300px\" \/><\/strong><\/center><center><strong>BODAS CRISTIANAS<\/strong><\/center><center>Servicio Del Pastor<\/center><center>Plan Full De Bodas y Servicio Para Tus Invitados<\/center>[\/vc_column_text][vc_column_text]<center><\/center><center><strong><img loading=\"lazy\" decoding=\"async\" class=\"alignnone size-medium wp-image-3694\" src=\"http:\/\/tubodagrupal.com\/wp-content\/uploads\/2024\/07\/IMG-20221010-WA0025-300x225.jpg\" alt=\"\" width=\"300\" height=\"225\" srcset=\"https:\/\/tubodagrupal.com\/wp-content\/uploads\/2024\/07\/IMG-20221010-WA0025-300x225.jpg 300w, https:\/\/tubodagrupal.com\/wp-content\/uploads\/2024\/07\/IMG-20221010-WA0025-768x576.jpg 768w, https:\/\/tubodagrupal.com\/wp-content\/uploads\/2024\/07\/IMG-20221010-WA0025-1024x768.jpg 1024w, https:\/\/tubodagrupal.com\/wp-content\/uploads\/2024\/07\/IMG-20221010-WA0025.jpg 1600w\" sizes=\"auto, (max-width: 300px) 100vw, 300px\" \/><\/strong><\/center><center><strong>BODAS SIMBOLICAS<\/strong><\/center><center>Servicio Del Oficiante y Rituales Simb\u00f3licas<\/center><center>Plan Full De Bodas y Servicio Para Tus Invitados<\/center>[\/vc_column_text][vc_column_text]<center><strong><img loading=\"lazy\" decoding=\"async\" class=\"alignnone size-medium wp-image-2706 aligncenter\" src=\"http:\/\/tubodagrupal.com\/wp-content\/uploads\/2016\/08\/IMG-20221010-WA0034-300x225.jpg\" alt=\"\" width=\"300\" height=\"225\" srcset=\"https:\/\/tubodagrupal.com\/wp-content\/uploads\/2016\/08\/IMG-20221010-WA0034-300x225.jpg 300w, https:\/\/tubodagrupal.com\/wp-content\/uploads\/2016\/08\/IMG-20221010-WA0034-768x576.jpg 768w, https:\/\/tubodagrupal.com\/wp-content\/uploads\/2016\/08\/IMG-20221010-WA0034.jpg 1024w\" sizes=\"auto, (max-width: 300px) 100vw, 300px\" \/>BODAS IGUALITARIAS<\/strong><\/center><center>Civiles, Cristianas o Simb\u00f3licas<\/center><center>Plan Full De Celebraci\u00f3n y Servicio Para Tus Invitados<\/center>[\/vc_column_text][\/vc_column][vc_column width=&#8221;1\/3&#8243;][vc_column_text]<center><\/center><center><strong><img loading=\"lazy\" decoding=\"async\" class=\"alignnone wp-image-3692\" src=\"http:\/\/tubodagrupal.com\/wp-content\/uploads\/2024\/07\/thumbnail_20230819_162705-300x169.jpg\" alt=\"\" width=\"334\" height=\"188\" srcset=\"https:\/\/tubodagrupal.com\/wp-content\/uploads\/2024\/07\/thumbnail_20230819_162705-300x169.jpg 300w, https:\/\/tubodagrupal.com\/wp-content\/uploads\/2024\/07\/thumbnail_20230819_162705-768x432.jpg 768w, https:\/\/tubodagrupal.com\/wp-content\/uploads\/2024\/07\/thumbnail_20230819_162705-1024x577.jpg 1024w, https:\/\/tubodagrupal.com\/wp-content\/uploads\/2024\/07\/thumbnail_20230819_162705.jpg 1920w\" sizes=\"auto, (max-width: 334px) 100vw, 334px\" \/><\/strong><\/center><center><strong>BODAS CIVILES<\/strong><\/center><center>Servicio Del Notario y Documentaci\u00f3n Legal<\/center><center>Plan Full De Bodas y Servicio Para Tus Invitados<\/center>[\/vc_column_text][vc_column_text]<center><\/center><center><strong><img loading=\"lazy\" decoding=\"async\" class=\"alignnone size-medium wp-image-3683\" src=\"http:\/\/tubodagrupal.com\/wp-content\/uploads\/2024\/07\/IMG-20240226-WA0015-300x234.jpg\" alt=\"\" width=\"300\" height=\"234\" srcset=\"https:\/\/tubodagrupal.com\/wp-content\/uploads\/2024\/07\/IMG-20240226-WA0015-300x234.jpg 300w, https:\/\/tubodagrupal.com\/wp-content\/uploads\/2024\/07\/IMG-20240226-WA0015-768x599.jpg 768w, https:\/\/tubodagrupal.com\/wp-content\/uploads\/2024\/07\/IMG-20240226-WA0015.jpg 1024w\" sizes=\"auto, (max-width: 300px) 100vw, 300px\" \/><\/strong><\/center><center><strong>BODAS EXPRESS<\/strong><\/center><center>Bodas Simb\u00f3licas, Espiritual, Cristiana, Civiles<\/center><center>Boda Solo Para Parejas<\/center>[\/vc_column_text][vc_column_text]<center><strong><img loading=\"lazy\" decoding=\"async\" class=\"alignnone size-medium wp-image-3678\" src=\"http:\/\/tubodagrupal.com\/wp-content\/uploads\/2024\/07\/IMG-20221102-WA0159-300x300.jpg\" alt=\"\" width=\"300\" height=\"300\" srcset=\"https:\/\/tubodagrupal.com\/wp-content\/uploads\/2024\/07\/IMG-20221102-WA0159-300x300.jpg 300w, https:\/\/tubodagrupal.com\/wp-content\/uploads\/2024\/07\/IMG-20221102-WA0159-150x150.jpg 150w, https:\/\/tubodagrupal.com\/wp-content\/uploads\/2024\/07\/IMG-20221102-WA0159-768x768.jpg 768w, https:\/\/tubodagrupal.com\/wp-content\/uploads\/2024\/07\/IMG-20221102-WA0159.jpg 925w\" sizes=\"auto, (max-width: 300px) 100vw, 300px\" \/><\/strong><\/center><center><strong>BODAS JUDIAS<\/strong><\/center><center>Plan Full De Celebraci\u00f3n y Servicio Para Tus Invitados<\/center>[\/vc_column_text][\/vc_column][\/vc_row][vc_row][vc_column width=&#8221;1\/2&#8243;][vc_column_text]<\/p>\n<h3><span style=\"color: #000000;\"><strong>INFORMACION Y CONTACTO<\/strong><\/span><\/h3>\n<p>[\/vc_column_text][vc_column_text][\/vc_column_text][\/vc_column][vc_column width=&#8221;1\/2&#8243;][\/vc_column][\/vc_row][vc_section full_width=&#8221;stretch_row&#8221; content_placement=&#8221;middle&#8221;][vc_row content_placement=&#8221;middle&#8221;][vc_column]\n<div class=\"wpcf7 no-js\" id=\"wpcf7-f155-o1\" lang=\"es-ES\" dir=\"ltr\" data-wpcf7-id=\"155\">\n<div class=\"screen-reader-response\"><p role=\"status\" aria-live=\"polite\" aria-atomic=\"true\"><\/p> <ul><\/ul><\/div>\n<form action=\"\/en\/wp-json\/wp\/v2\/pages\/69#wpcf7-f155-o1\" method=\"post\" class=\"wpcf7-form init\" aria-label=\"Formulario de contacto\" novalidate=\"novalidate\" data-status=\"init\">\n<div style=\"display: none;\">\n<input type=\"hidden\" name=\"_wpcf7\" value=\"155\" \/>\n<input type=\"hidden\" name=\"_wpcf7_version\" value=\"6.0.6\" \/>\n<input type=\"hidden\" name=\"_wpcf7_locale\" value=\"es_ES\" \/>\n<input type=\"hidden\" name=\"_wpcf7_unit_tag\" value=\"wpcf7-f155-o1\" \/>\n<input type=\"hidden\" name=\"_wpcf7_container_post\" value=\"0\" \/>\n<input type=\"hidden\" name=\"_wpcf7_posted_data_hash\" value=\"\" \/>\n<input type=\"hidden\" name=\"_wpcf7_recaptcha_response\" value=\"\" \/>\n<\/div>\n<p><label> Nombre (requerido)<br \/>\n<span class=\"wpcf7-form-control-wrap\" data-name=\"your-name\"><input size=\"40\" maxlength=\"400\" class=\"wpcf7-form-control wpcf7-text wpcf7-validates-as-required\" aria-required=\"true\" aria-invalid=\"false\" value=\"\" type=\"text\" name=\"your-name\" \/><\/span> <\/label>\n<\/p>\n<p><label> Correo electr\u00f3nico (requerido)<br \/>\n<span class=\"wpcf7-form-control-wrap\" data-name=\"your-email\"><input size=\"40\" maxlength=\"400\" class=\"wpcf7-form-control wpcf7-email wpcf7-validates-as-required wpcf7-text wpcf7-validates-as-email\" aria-required=\"true\" aria-invalid=\"false\" value=\"\" type=\"email\" name=\"your-email\" \/><\/span> <\/label>\n<\/p>\n<p><label> N\u00famero de Tel\u00e9fono (requerido)<br \/>\n<span class=\"wpcf7-form-control-wrap\" data-name=\"phone\"><input size=\"40\" maxlength=\"400\" class=\"wpcf7-form-control wpcf7-tel wpcf7-validates-as-required wpcf7-text wpcf7-validates-as-tel\" aria-required=\"true\" aria-invalid=\"false\" value=\"\" type=\"tel\" name=\"phone\" \/><\/span> <\/label>\n<\/p>\n<p><label> Asunto<br \/>\n<span class=\"wpcf7-form-control-wrap\" data-name=\"your-subject\"><input size=\"40\" maxlength=\"400\" class=\"wpcf7-form-control wpcf7-text\" aria-invalid=\"false\" value=\"\" type=\"text\" name=\"your-subject\" \/><\/span> <\/label>\n<\/p>\n<p><label> Mensaje (requerido)<br \/>\n<span class=\"wpcf7-form-control-wrap\" data-name=\"your-message\"><textarea cols=\"40\" rows=\"10\" maxlength=\"2000\" class=\"wpcf7-form-control wpcf7-textarea wpcf7-validates-as-required\" aria-required=\"true\" aria-invalid=\"false\" name=\"your-message\"><\/textarea><\/span> <\/label><br \/>\n<br \/>\n<input class=\"wpcf7-form-control wpcf7-submit has-spinner\" type=\"submit\" value=\"Enviar\" \/>\n<\/p><div class=\"wpcf7-response-output\" aria-hidden=\"true\"><\/div>\n<\/form>\n<\/div>\n[\/vc_column][\/vc_row][\/vc_section]<\/p>\n<\/div>","protected":false},"excerpt":{"rendered":"<p>[vc_row][vc_column][vc_column_text][\/vc_column_text][\/vc_column][\/vc_row][vc_row full_width=&#8221;estirar_fila&#8221;][vc_column][rev_slider_vc alias=&#8221;tbg&#8221;][\/vc_column][\/vc_row][vc_row full_width=&#8221;estirar_fila&#8221; content_placement=&#8221;medio&#8221; parallax=&#8221;contenido-movido&#8221; background_parallax=&#8221;si&#8221;][vc_column width=&#8221;1\/2&#8243;][vc_column_text][\/vc_column_text][vc_column_text css_animation=&#8221;de-abajo-arriba&#8221; css=&#8221;.vc_custom_1720472865628{background-position: center !important;background-repeat: no-repeat !important;background-size: cover !important;}&#8221; el_class=&#8221;nosotros&#8221;] Organizamos\u00a0 Tu Boda como siempre la so\u00f1aste; contamos con mas de 10 a\u00f1os de experiencia en la celebraci\u00f3n y servicio de Bodas en la Playa Bodas Privadas, Bodas con o sin Invitados, Bodas Express y Bodas Grupales. Sabemos [&hellip;]<\/p>\n","protected":false},"author":3,"featured_media":0,"parent":0,"menu_order":0,"comment_status":"closed","ping_status":"closed","template":"template-vc.php","meta":{"footnotes":""},"class_list":["post-69","page","type-page","status-publish","hentry"],"_links":{"self":[{"href":"https:\/\/tubodagrupal.com\/en\/wp-json\/wp\/v2\/pages\/69","targetHints":{"allow":["GET"]}}],"collection":[{"href":"https:\/\/tubodagrupal.com\/en\/wp-json\/wp\/v2\/pages"}],"about":[{"href":"https:\/\/tubodagrupal.com\/en\/wp-json\/wp\/v2\/types\/page"}],"author":[{"embeddable":true,"href":"https:\/\/tubodagrupal.com\/en\/wp-json\/wp\/v2\/users\/3"}],"replies":[{"embeddable":true,"href":"https:\/\/tubodagrupal.com\/en\/wp-json\/wp\/v2\/comments?post=69"}],"version-history":[{"count":0,"href":"https:\/\/tubodagrupal.com\/en\/wp-json\/wp\/v2\/pages\/69\/revisions"}],"wp:attachment":[{"href":"https:\/\/tubodagrupal.com\/en\/wp-json\/wp\/v2\/media?parent=69"}],"curies":[{"name":"wp","href":"https:\/\/api.w.org\/{rel}","templated":true}]}}