{"id":163,"date":"2016-08-15T22:10:49","date_gmt":"2016-08-16T03:10:49","guid":{"rendered":"http:\/\/tubodagrupal.com\/?page_id=163"},"modified":"2025-06-16T14:25:37","modified_gmt":"2025-06-16T19:25:37","slug":"bodas-catolicas","status":"publish","type":"page","link":"https:\/\/tubodagrupal.com\/en\/weddings-civil-in-neusa-forest-park\/","title":{"rendered":"Weddings Catholic Forest Park"},"content":{"rendered":"<div class=\"wpb-content-wrapper\"><p>[vc_row parallax_content=&#8221;parallax_content_value&#8221;][vc_column]    <header class=\"tz-header tz-header1\">\n                            <div class=\"wrapbox\">\n                    <div class=\"container\">\n                        <button data-target=\".nav-collapse\" class=\"btn-navbar tz_icon_menu\" type=\"button\">\n                            <i class=\"fa fa-bars\"><\/i>\n                        <\/button>\n                        <h3 class=\"tzlogo pull-left\">\n\t\t\t\t\t\t\t<img decoding=\"async\" src=\"https:\/\/tubodagrupal.com\/wp-content\/uploads\/2016\/08\/logo-D.png\" \/>\n                            <!--<a href=\"https:\/\/tubodagrupal.com\/en\" title=\"TU BODA EN LA PLAYA\">\n                                                                    <img decoding=\"async\" src=\"https:\/\/tubodagrupal.com\/wp-content\/uploads\/2016\/08\/logo-D.png\" alt=\"TU BODA EN LA PLAYA\">\n                                                            <\/a>-->\n                        <\/h3>\n                        <button class=\"tz-search pull-right\"> <i class=\"fa fa-search\"><\/i><\/button>\n                        <nav class=\"pull-right tznav-menu\">\n                            <ul id=\"menu-primary-1\" class=\"tz-menu nav-collapse themeple_megemenu\"><li id=\"menu-item-94\" class=\"menu-item menu-item-type-post_type menu-item-object-page menu-item-home\"><a href=\"https:\/\/tubodagrupal.com\/en\/\">Home<\/a><\/li>\n<li id=\"menu-item-108\" class=\"menu-item menu-item-type-custom menu-item-object-custom\"><a href=\"#nosotros\">About Us<\/a><\/li>\n<li id=\"menu-item-109\" class=\"menu-item menu-item-type-custom menu-item-object-custom menu-item-has-children\"><a href=\"#\">Services<\/a>\n\n\n<ul class=\"sub-menu non_mega_menu\">\n\t<li id=\"menu-item-114\" class=\"menu-item menu-item-type-post_type menu-item-object-page\"><a href=\"https:\/\/tubodagrupal.com\/en\/civil-wedding-on-the-beach\/\">Civil Wedding on the Beach<\/a><\/li>\n\t<li id=\"menu-item-160\" class=\"menu-item menu-item-type-post_type menu-item-object-page\"><a href=\"https:\/\/tubodagrupal.com\/en\/spiritual-wedding-on-the-beach\/\">Spiritual Wedding on the Beach<\/a><\/li>\n\t<li id=\"menu-item-174\" class=\"menu-item menu-item-type-post_type menu-item-object-page\"><a href=\"https:\/\/tubodagrupal.com\/en\/weddings-civil-in-neusa-forest-park\/\">Weddings Civil in Neusa Forest Park<\/a><\/li>\n\t<li id=\"menu-item-184\" class=\"menu-item menu-item-type-post_type menu-item-object-page\"><a href=\"https:\/\/tubodagrupal.com\/en\/harmonization-and-cleaning-individual-and-couple\/\">Harmonization and Cleaning<\/a><\/li>\n\t<li id=\"menu-item-183\" class=\"menu-item menu-item-type-post_type menu-item-object-page\"><a href=\"https:\/\/tubodagrupal.com\/en\/renovation-of-votes-and-celebrating-anniversaries\/\">Renovation of Votes<\/a><\/li>\n\t<li id=\"menu-item-172\" class=\"menu-item menu-item-type-post_type menu-item-object-page\"><a href=\"https:\/\/tubodagrupal.com\/en\/jewis-weddings\/\">jewish weddings<\/a><\/li>\n\t<li id=\"menu-item-211\" class=\"menu-item menu-item-type-post_type menu-item-object-page\"><a href=\"https:\/\/tubodagrupal.com\/en\/catholic-and-christian-weddings\/\">Catholic and Christian Weddings<\/a><\/li>\n<\/ul>\n<\/li>\n<li id=\"menu-item-157\" class=\"menu-item menu-item-type-post_type menu-item-object-page\"><a href=\"https:\/\/tubodagrupal.com\/en\/contact-us\/\">Contact Us<\/a><\/li>\n<li id=\"menu-item-147\" class=\"qtranxs-lang-menu qtranxs-lang-menu-en menu-item menu-item-type-custom menu-item-object-custom current-menu-parent menu-item-has-children\"><a title=\"English\" href=\"#\"><img decoding=\"async\" src=\"https:\/\/tubodagrupal.com\/wp-content\/plugins\/qtranslate-xt-3.6.1\/flags\/us.png\" alt=\"English\" \/><\/a>\n\n\n<ul class=\"sub-menu non_mega_menu\">\n\t<li id=\"menu-item-212\" class=\"qtranxs-lang-menu-item qtranxs-lang-menu-item-es menu-item menu-item-type-custom menu-item-object-custom\"><a title=\"Espa\u00f1ol\" href=\"https:\/\/tubodagrupal.com\/es\/wp-json\/wp\/v2\/pages\/163\"><img decoding=\"async\" src=\"https:\/\/tubodagrupal.com\/wp-content\/plugins\/qtranslate-xt-3.6.1\/flags\/co.png\" alt=\"Espa\u00f1ol\" \/>&nbsp;Espa\u00f1ol<\/a><\/li>\n\t<li id=\"menu-item-213\" class=\"qtranxs-lang-menu-item qtranxs-lang-menu-item-en menu-item menu-item-type-custom menu-item-object-custom current-menu-item\"><a title=\"English\" href=\"https:\/\/tubodagrupal.com\/en\/wp-json\/wp\/v2\/pages\/163\"><img decoding=\"async\" src=\"https:\/\/tubodagrupal.com\/wp-content\/plugins\/qtranslate-xt-3.6.1\/flags\/us.png\" alt=\"English\" \/>&nbsp;English<\/a><\/li>\n<\/ul>\n<\/li>\n<\/ul>                        <\/nav>\n                    <\/div>\n                <\/div>\n                <\/header>\n    <div class=\"tzform-search\">\n        <img decoding=\"async\" class=\"tzcontro_search\" src=\"https:\/\/tubodagrupal.com\/wp-content\/plugins\/tz-plazart\/\/assets\/images\/icon_search_delete.png\" alt=\"icon search\">\n        \t<form method=\"get\" id=\"searchform\" action=\"https:\/\/tubodagrupal.com\/en\/\">\n        <label class=\"icon-search\">&nbsp;<\/label>\n\t\t<label for=\"s\" class=\"assistive-text assistive-tzsearch\">Search<\/label>\n\t\t<input type=\"text\" class=\"field Tzsearchform inputbox search-query\" name=\"s\" id=\"s\" placeholder=\"Search...\" \/>\n\t\t<input type=\"submit\" class=\"submit\" name=\"submit\" id=\"searchsubmit\" value=\"Search\" \/>\n\t<\/form>\n    <\/div>\n[rev_slider_vc alias=&#8221;BodasCivilesNeusaEN&#8221;][\/vc_column][\/vc_row][vc_row][vc_column width=&#8221;1\/3&#8243; offset=&#8221;vc_hidden-sm vc_hidden-xs&#8221;][vc_single_image image=&#8221;151&#8243; img_size=&#8221;large&#8221; alignment=&#8221;center&#8221; style=&#8221;vc_box_shadow_border&#8221; onclick=&#8221;zoom&#8221; css_animation=&#8221;top-to-bottom&#8221;][\/vc_column][vc_column width=&#8221;2\/3&#8243;]        <h3 class=\"everline_title\">Weddings Civil in Neusa Forest Park<\/h3>\n    [vc_column_text]<span style=\"color: #000000;\">Our VIP package includes the following services:<\/span><\/p>\n<p><span style=\"color: #000000;\"><u>CIVIL WEDDING IN NEUSA &#8211; PER COUPLE<\/u>.<\/span><\/p>\n<ul>\n<li><span style=\"color: #000000;\">Decoration and wedding design.<\/span><\/li>\n<li><span style=\"color: #000000;\">Logistics entire event and wedding night.<\/span><\/li>\n<li><span style=\"color: #000000;\">Bogota-Neusa and Neusa- Bogot\u00e1, Transfer.<\/span><\/li>\n<li><span style=\"color: #000000;\">Celebration of civil wedding and stationery.<\/span><\/li>\n<li><span style=\"color: #000000;\">Shrine and couch for boyfriends and the notary.<\/span><\/li>\n<li><span style=\"color: #000000;\">Makeup and hairstyle for the bride.<\/span><\/li>\n<li><span style=\"color: #000000;\">Cake and toast partner.<\/span><\/li>\n<li><span style=\"color: #000000;\">Bouquet and chance for the couple.<\/span><\/li>\n<li><span style=\"color: #000000;\">Mariachis (Traditional Mexican music).<\/span><\/li>\n<li><span style=\"color: #000000;\">Professional photographer with coverage of the wedding (50 photos printed Photobook comes with exclusive design), photo shoot at sunset.<\/span><\/li>\n<li><span style=\"color: #000000;\">Video graph, whole wedding video in full HD format is delivered.<\/span><\/li>\n<li><span style=\"color: #000000;\">Wedding Night, including romantic decoration in the room for a couple.<\/span><\/li>\n<li><span style=\"color: #000000;\">The package offers one (1) night and two (2) day stay in beautiful cottages with spectacular views of the landscape of the reservoir, with cozy fireplaces and wood environment.<\/span><\/li>\n<li><span style=\"color: #000000;\">Includes all meals (lunch, dinner wedding night and breakfast).<\/span><\/li>\n<\/ul>\n<p>[\/vc_column_text][vc_cta h2=&#8221;Para recibir m\u00e1s informaci\u00f3n:&#8221; shape=&#8221;square&#8221; style=&#8221;custom&#8221; add_button=&#8221;right&#8221; btn_title=&#8221;Cont\u00e1ctenos&#8221; btn_style=&#8221;3d&#8221; btn_color=&#8221;green&#8221; btn_i_icon_fontawesome=&#8221;fa fa-envelope-o&#8221; custom_background=&#8221;#adc1da&#8221; custom_text=&#8221;#ffffff&#8221; btn_add_icon=&#8221;true&#8221; btn_link=&#8221;url:http%3A%2F%2Ftubodagrupal.com%2Fcontactenos%2F||&#8221;][\/vc_cta][\/vc_column][\/vc_row]<\/p>\n<\/div>","protected":false},"excerpt":{"rendered":"<p>[vc_row parallax_content=&#8221;parallax_content_value&#8221;][vc_column][rev_slider_vc alias=&#8221;BodasCivilesNeusaEN&#8221;][\/vc_column][\/vc_row][vc_row][vc_column width=&#8221;1\/3&#8243; offset=&#8221;vc_hidden-sm vc_hidden-xs&#8221;][vc_single_image image=&#8221;151&#8243; img_size=&#8221;large&#8221; alignment=&#8221;center&#8221; style=&#8221;vc_box_shadow_border&#8221; onclick=&#8221;zoom&#8221; css_animation=&#8221;top-to-bottom&#8221;][\/vc_column][vc_column width=&#8221;2\/3&#8243;][vc_column_text]Our VIP package includes the following services: CIVIL WEDDING IN NEUSA &#8211; PER COUPLE. Decoration and wedding design. Logistics entire event and wedding night. Bogota-Neusa and Neusa- Bogot\u00e1, Transfer. Celebration of civil wedding and stationery. Shrine and couch for boyfriends and the notary. [&hellip;]<\/p>\n","protected":false},"author":3,"featured_media":0,"parent":0,"menu_order":0,"comment_status":"closed","ping_status":"closed","template":"template-vc.php","meta":{"footnotes":""},"class_list":["post-163","page","type-page","status-publish","hentry"],"_links":{"self":[{"href":"https:\/\/tubodagrupal.com\/en\/wp-json\/wp\/v2\/pages\/163","targetHints":{"allow":["GET"]}}],"collection":[{"href":"https:\/\/tubodagrupal.com\/en\/wp-json\/wp\/v2\/pages"}],"about":[{"href":"https:\/\/tubodagrupal.com\/en\/wp-json\/wp\/v2\/types\/page"}],"author":[{"embeddable":true,"href":"https:\/\/tubodagrupal.com\/en\/wp-json\/wp\/v2\/users\/3"}],"replies":[{"embeddable":true,"href":"https:\/\/tubodagrupal.com\/en\/wp-json\/wp\/v2\/comments?post=163"}],"version-history":[{"count":0,"href":"https:\/\/tubodagrupal.com\/en\/wp-json\/wp\/v2\/pages\/163\/revisions"}],"wp:attachment":[{"href":"https:\/\/tubodagrupal.com\/en\/wp-json\/wp\/v2\/media?parent=163"}],"curies":[{"name":"wp","href":"https:\/\/api.w.org\/{rel}","templated":true}]}}